{"id":52,"date":"2020-10-16T15:55:51","date_gmt":"2020-10-16T13:55:51","guid":{"rendered":"http:\/\/heksring.org\/?page_id=52"},"modified":"2020-10-27T14:46:39","modified_gmt":"2020-10-27T13:46:39","slug":"klauzula-informacyjna-dotyczaca-przetwarzania-danych-osobowych-w-stowarzyszeniu-h-e-k-s-ring-w-paszczynie","status":"publish","type":"page","link":"https:\/\/heksring.org\/index.php\/klauzula-informacyjna-dotyczaca-przetwarzania-danych-osobowych-w-stowarzyszeniu-h-e-k-s-ring-w-paszczynie\/","title":{"rendered":"RODO &#8211; Klauzula informacyjna"},"content":{"rendered":"\n<p><\/p>\n\n\n\n<p><strong>KLAUZULA INFORMACYJNA DOTYCZ\u0104CA PRZETWARZANIA DANYCH OSOBOWYCH W STOWARZYSZENIU H.E.K.S. RING W PASZCZYNIE<\/strong><\/p>\n\n\n\n<p>1) Zgodnie z art. 13 ust. 1 rozporz\u0105dzenia Parlamentu Europejskiego i Rady (UE) 2016\/679 <br>z 27 kwietnia 2016 r. w sprawie ochrony os\u00f3b fizycznych w zwi\u0105zku z przetwarzaniem danych osobowych i w sprawie swobodnego przep\u0142ywu takich danych oraz uchylenia dyrektywy 95\/46\/WE (og\u00f3lne rozporz\u0105dzenie o ochronie danych) \u2013 dalej: RODO, informujemy, \u017ce administratorem Pani\/Pana danych osobowych jest Stowarzyszenie H.E.K.S. RING w Paszczynie z siedzib\u0105 <br>w Paszczynie (39-207 Brze\u017anica, Paszczyna 123 B).<br>2) Nie zosta\u0142 wyznaczony Inspektor Ochrony Danych. W sprawach dotycz\u0105cych ochrony <br>i przetwarzania danych osobowych prosz\u0119 kierowa\u0107 si\u0119 do Prezesa Stowarzyszenia <br>lub pod email: heks.ring@gmail.com<br>3) Dane osobowe pozyskane w zwi\u0105zku z zawarciem z Pani\u0105\/Panem umowy b\u0119d\u0105 przetwarzane w nast\u0119puj\u0105cych celach:<br>\u2022 zwi\u0105zanych z realizacj\u0105 dzia\u0142a\u0144 statutowych Stowarzyszenia,<br>\u2022 organizacji i przeprowadzania szkole\u0144 tematycznie zgodnych ze statutem<br>Stowarzyszenia,<br>\u2022 organizacji i przeprowadzania zawod\u00f3w i trening\u00f3w strzeleckich,<br>\u2022 rozliczania sk\u0142adek cz\u0142onkowskich.<br>4) Podstaw\u0105 prawn\u0105 przetwarzania Pani\/Pana danych jest:<br>\u2022 osoba, kt\u00f3rej dane dotycz\u0105 wyrazi\u0142a zgod\u0119 na przetwarzanie swoich danych osobowych w jednym lub wi\u0119kszej liczbie okre\u015blonych cel\u00f3w(art. 6 ust. 1 lit. a RODO),<br>\u2022 niezb\u0119dno\u015b\u0107 do cel\u00f3w wynikaj\u0105cych z prawnie uzasadnionych interes\u00f3w realizowanych przez administratora (art. 6 ust. 1 lit. f RODO).<br>5) Podanie danych osobowych jest dobrowolne, ale niezb\u0119dne do przyj\u0119cia jako cz\u0142onka Stowarzyszenia.<br>6) Pozyskane od Pani\/Pana dane osobowe mog\u0105 by\u0107 przekazywane:<br>\u2022 podmiotom przetwarzaj\u0105cym je na nasze zlecenie,<br>\u2022 organom lub podmiotom publicznym uprawnionym do uzyskania danych na podstawie obowi\u0105zuj\u0105cych przepis\u00f3w prawa, np. s\u0105dom, organom \u015bcigania lub instytucjom pa\u0144stwowym, gdy wyst\u0105pi\u0105 z \u017c\u0105daniem, w oparciu o stosown\u0105 podstaw\u0119 prawn\u0105.<br>7) Pani\/Pana dane nie b\u0119d\u0105 przekazane do pa\u0144stw trzecich.<br>8) Okres przetwarzania Pani\/Pana danych osobowych jest uzale\u017cniony od celu w jakim dane s\u0105 przetwarzane. Okres, przez kt\u00f3ry Pani\/Pana dane osobowe b\u0119d\u0105 przechowywane jest obliczany w oparciu o nast\u0119puj\u0105ce kryteria:<br>\u2022 czasu obowi\u0105zywania cz\u0142onkostwa w Stowarzyszeniu,<br>\u2022 przepisy prawa, kt\u00f3re mog\u0105 nas obligowa\u0107 do przetwarzania danych przez okre\u015blony czas,<br>\u2022 okres, kt\u00f3ry jest niezb\u0119dny do obrony naszych interes\u00f3w.<br>9) Ponadto, informujemy, \u017ce ma Pani\/Pan prawo do:<br>\u2022 dost\u0119pu do swoich danych osobowych,<br>\u2022 \u017c\u0105dania sprostowania swoich danych osobowych, kt\u00f3re s\u0105 nieprawid\u0142owe oraz uzupe\u0142nienia niekompletnych danych osobowych,<br>\u2022 \u017c\u0105dania usuni\u0119cia swoich danych osobowych, w szczeg\u00f3lno\u015bci w przypadku cofni\u0119cia przez Pani\u0105\/Pana zgody na przetwarzanie, gdy nie ma innej podstawy prawnej przetwarzania,<br>\u2022 \u017c\u0105dania ograniczenia przetwarzania swoich danych osobowych,<br>\u2022 wniesienia sprzeciwu wobec przetwarzania swoich danych, ze wzgl\u0119du na Pani\/Pana szczeg\u00f3ln\u0105 sytuacj\u0119, w przypadkach, kiedy przetwarzamy Pani\/Pana dane na podstawie naszego prawnie usprawiedliwionego interesu czy te\u017c na potrzeby marketingu bezpo\u015bredniego,<br>\u2022 przenoszenia swoich danych osobowych,<br>\u2022 wniesienia skargi do organu nadzorczego zajmuj\u0105cego si\u0119 ochron\u0105 danych osobowych, tj. Prezesa Urz\u0119du Ochrony Danych Osobowych.<br>10) W zakresie, w jakim Pani\/Pana dane s\u0105 przetwarzane na podstawie zgody \u2013 ma Pani\/Pan prawo wycofania zgody na przetwarzanie danych w dowolnym momencie. Wycofanie zgody nie ma wp\u0142ywu na zgodno\u015b\u0107 z prawem przetwarzania, kt\u00f3rego dokonano na podstawie Pani\/Pana zgody przed jej wycofaniem. Zgod\u0119 mo\u017ce Pani\/Pan wycofa\u0107 poprzez wys\u0142anie<br>o\u015bwiadczenia o wycofaniu zgody na nasz adres korespondencyjny b\u0105d\u017a adres e-mailowy.<br>11) Informujemy, \u017ce nie korzystamy z system\u00f3w s\u0142u\u017c\u0105cych do zautomatyzowanego podejmowania decyzji.<\/p>\n","protected":false},"excerpt":{"rendered":"<p>KLAUZULA INFORMACYJNA DOTYCZ\u0104CA PRZETWARZANIA DANYCH OSOBOWYCH W STOWARZYSZENIU H.E.K.S. RING W PASZCZYNIE 1) Zgodnie z art. 13 ust. 1 rozporz\u0105dzenia Parlamentu Europejskiego i Rady (UE) 2016\/679 z 27 kwietnia 2016 r. w sprawie ochrony os\u00f3b fizycznych w zwi\u0105zku z przetwarzaniem danych osobowych i w sprawie swobodnego przep\u0142ywu takich danych oraz uchylenia dyrektywy 95\/46\/WE (og\u00f3lne rozporz\u0105dzenie o ochronie danych) \u2013 dalej: RODO, informujemy, \u017ce administratorem Pani\/Pana danych osobowych jest Stowarzyszenie H.E.K.S. RING w Paszczynie z siedzib\u0105 w Paszczynie (39-207 Brze\u017anica, Paszczyna 123 B).2) Nie zosta\u0142 wyznaczony Inspektor Ochrony Danych. W sprawach dotycz\u0105cych ochrony i przetwarzania danych osobowych prosz\u0119 kierowa\u0107 si\u0119 do Prezesa Stowarzyszenia lub pod email: heks.ring@gmail.com3) Dane osobowe pozyskane w zwi\u0105zku z zawarciem z Pani\u0105\/Panem umowy b\u0119d\u0105 przetwarzane w nast\u0119puj\u0105cych celach:\u2022 zwi\u0105zanych z realizacj\u0105 dzia\u0142a\u0144 statutowych Stowarzyszenia,\u2022 organizacji i przeprowadzania szkole\u0144 tematycznie zgodnych ze statutemStowarzyszenia,\u2022 organizacji i przeprowadzania zawod\u00f3w i trening\u00f3w strzeleckich,\u2022 rozliczania sk\u0142adek cz\u0142onkowskich.4) Podstaw\u0105 prawn\u0105 przetwarzania Pani\/Pana danych&hellip;<\/p>\n<p> <a class=\"more-link\" href=\"https:\/\/heksring.org\/index.php\/klauzula-informacyjna-dotyczaca-przetwarzania-danych-osobowych-w-stowarzyszeniu-h-e-k-s-ring-w-paszczynie\/\">Czytaj dalej<\/a><\/p>\n","protected":false},"author":2,"featured_media":0,"parent":0,"menu_order":0,"comment_status":"closed","ping_status":"closed","template":"","meta":[],"_links":{"self":[{"href":"https:\/\/heksring.org\/index.php\/wp-json\/wp\/v2\/pages\/52"}],"collection":[{"href":"https:\/\/heksring.org\/index.php\/wp-json\/wp\/v2\/pages"}],"about":[{"href":"https:\/\/heksring.org\/index.php\/wp-json\/wp\/v2\/types\/page"}],"author":[{"embeddable":true,"href":"https:\/\/heksring.org\/index.php\/wp-json\/wp\/v2\/users\/2"}],"replies":[{"embeddable":true,"href":"https:\/\/heksring.org\/index.php\/wp-json\/wp\/v2\/comments?post=52"}],"version-history":[{"count":8,"href":"https:\/\/heksring.org\/index.php\/wp-json\/wp\/v2\/pages\/52\/revisions"}],"predecessor-version":[{"id":107,"href":"https:\/\/heksring.org\/index.php\/wp-json\/wp\/v2\/pages\/52\/revisions\/107"}],"wp:attachment":[{"href":"https:\/\/heksring.org\/index.php\/wp-json\/wp\/v2\/media?parent=52"}],"curies":[{"name":"wp","href":"https:\/\/api.w.org\/{rel}","templated":true}]}}