{"id":30,"date":"2020-09-22T12:28:59","date_gmt":"2020-09-22T10:28:59","guid":{"rendered":"http:\/\/heksring.org\/?page_id=30"},"modified":"2020-11-04T10:36:36","modified_gmt":"2020-11-04T09:36:36","slug":"nasza-dzialalnosc","status":"publish","type":"page","link":"https:\/\/heksring.org\/index.php\/nasza-dzialalnosc\/","title":{"rendered":"DZIA\u0141ALNO\u015a\u0106 STOWARZYSZENIA&#8230;"},"content":{"rendered":"\n<blockquote class=\"wp-block-quote\"><p>Dzia\u0142alno\u015b\u0107 Stowarzyszenia H.E.K.S. RING ukierunkowana b\u0119dzie na:<br><\/p><\/blockquote>\n\n\n\n<ol><li>HISTORIA: prowadzenie dzia\u0142a\u0144 na rzecz podtrzymywania i popularyzacji historii Rzeczpospolitej Polskiej, tradycji narodowej i piel\u0119gnowania polsko\u015bci oraz rozwoju \u015bwiadomo\u015bci narodowej, obywatelskiej i kulturowej, spotkania, wyk\u0142ady, konferencje, odczyty, wystawy, konkursy i badania historyczne.<\/li><li>EKSPLORACJA ZABYTK\u00d3W, MUZEALNICTWO: prowadzenie dzia\u0142a\u0144 na rzecz ochrony i zachowania polskich d\u00f3br kultury i dziedzictwa narodowego, badania archeologiczne, poszukiwanie artefakt\u00f3w, prace konserwatorskie i ochrona zabytk\u00f3w, przekazywanie eksponat\u00f3w do zasob\u00f3w muzealnych Ekspozycji Historyczno-Dydaktycznej przy G\u00f3rze \u015amierci w Paszczynie.<\/li><li>KOLEKCJONERSTWO: kolekcjonowanie militari\u00f3w, broni, amunicji, sprz\u0119tu, wyposa\u017cenia wojskowego i obronnego, spotkania, organizacja spotka\u0144, prelekcji, wystaw, imprez, prezentacji, pokaz\u00f3w.<\/li><li>STRZELECTWO, OBRONNO\u015a\u0106 i RATOWNICTWO (PO\u017bAROWE, MEDYCZNE, ZAGRO\u017bENIA KRYZYSOWE), WSPINACZKA WYSOKOG\u00d3RSKA: zbi\u00f3rka, weryfikacja i publikowanie wiedzy na temat posiadania broni palnej w Polsce, uprawianie i doskonalenie technik strzelectwa rekreacyjnego, sportowego, bojowego, organizowanie szkole\u0144 i pokaz\u00f3w ratownictwa, wspinaczki wysokog\u00f3rskiej dla s\u0142u\u017cb oraz cywili.<\/li><li>Integracja \u015brodowiska pasjonat\u00f3w historii, bada\u0144 i poszukiwa\u0144 archeologicznych, kolekcjoner\u00f3w broni i militari\u00f3w, mi\u0142o\u015bnik\u00f3w strzelectwa, jak r\u00f3wnie\u017c wsparcie i wsp\u00f3\u0142praca ze s\u0142u\u017cbami mundurowymi oraz s\u0142u\u017cbami ratownictwa po\u017carowego i medycznego, upowszechnianie problematyki porz\u0105dku i bezpiecze\u0144stwa publicznego oraz przeciwdzia\u0142aniu patologiom spo\u0142ecznym, stwarzanie atmosfery zaufania i szacunku dla s\u0142u\u017cb mundurowych, troska o rodziny cz\u0142onk\u00f3w stowarzyszenia oraz rzeczowe i organizacyjne wsparcie os\u00f3b, instytucji i jednostek s\u0142u\u017cb mundurowych, kt\u00f3re podejmuj\u0105 dzia\u0142ania zbie\u017cne b\u0105d\u017a bliskie celom dzia\u0142ania Stowarzyszenia.<\/li><\/ol>\n","protected":false},"excerpt":{"rendered":"<p>Dzia\u0142alno\u015b\u0107 Stowarzyszenia H.E.K.S. RING ukierunkowana b\u0119dzie na: HISTORIA: prowadzenie dzia\u0142a\u0144 na rzecz podtrzymywania i popularyzacji historii Rzeczpospolitej Polskiej, tradycji narodowej i piel\u0119gnowania polsko\u015bci oraz rozwoju \u015bwiadomo\u015bci narodowej, obywatelskiej i kulturowej, spotkania, wyk\u0142ady, konferencje, odczyty, wystawy, konkursy i badania historyczne. EKSPLORACJA ZABYTK\u00d3W, MUZEALNICTWO: prowadzenie dzia\u0142a\u0144 na rzecz ochrony i zachowania polskich d\u00f3br kultury i dziedzictwa narodowego, badania archeologiczne, poszukiwanie artefakt\u00f3w, prace konserwatorskie i ochrona zabytk\u00f3w, przekazywanie eksponat\u00f3w do zasob\u00f3w muzealnych Ekspozycji Historyczno-Dydaktycznej przy G\u00f3rze \u015amierci w Paszczynie. KOLEKCJONERSTWO: kolekcjonowanie militari\u00f3w, broni, amunicji, sprz\u0119tu, wyposa\u017cenia wojskowego i obronnego, spotkania, organizacja spotka\u0144, prelekcji, wystaw, imprez, prezentacji, pokaz\u00f3w. STRZELECTWO, OBRONNO\u015a\u0106 i RATOWNICTWO (PO\u017bAROWE, MEDYCZNE, ZAGRO\u017bENIA KRYZYSOWE), WSPINACZKA WYSOKOG\u00d3RSKA: zbi\u00f3rka, weryfikacja i publikowanie wiedzy na temat posiadania broni palnej w Polsce, uprawianie i doskonalenie technik strzelectwa rekreacyjnego, sportowego, bojowego, organizowanie szkole\u0144 i pokaz\u00f3w ratownictwa, wspinaczki wysokog\u00f3rskiej dla s\u0142u\u017cb oraz cywili. Integracja \u015brodowiska pasjonat\u00f3w historii, bada\u0144 i poszukiwa\u0144 archeologicznych, kolekcjoner\u00f3w broni i militari\u00f3w, mi\u0142o\u015bnik\u00f3w strzelectwa, jak&hellip;<\/p>\n<p> <a class=\"more-link\" href=\"https:\/\/heksring.org\/index.php\/nasza-dzialalnosc\/\">Czytaj dalej<\/a><\/p>\n","protected":false},"author":1,"featured_media":0,"parent":0,"menu_order":0,"comment_status":"closed","ping_status":"closed","template":"","meta":[],"_links":{"self":[{"href":"https:\/\/heksring.org\/index.php\/wp-json\/wp\/v2\/pages\/30"}],"collection":[{"href":"https:\/\/heksring.org\/index.php\/wp-json\/wp\/v2\/pages"}],"about":[{"href":"https:\/\/heksring.org\/index.php\/wp-json\/wp\/v2\/types\/page"}],"author":[{"embeddable":true,"href":"https:\/\/heksring.org\/index.php\/wp-json\/wp\/v2\/users\/1"}],"replies":[{"embeddable":true,"href":"https:\/\/heksring.org\/index.php\/wp-json\/wp\/v2\/comments?post=30"}],"version-history":[{"count":5,"href":"https:\/\/heksring.org\/index.php\/wp-json\/wp\/v2\/pages\/30\/revisions"}],"predecessor-version":[{"id":122,"href":"https:\/\/heksring.org\/index.php\/wp-json\/wp\/v2\/pages\/30\/revisions\/122"}],"wp:attachment":[{"href":"https:\/\/heksring.org\/index.php\/wp-json\/wp\/v2\/media?parent=30"}],"curies":[{"name":"wp","href":"https:\/\/api.w.org\/{rel}","templated":true}]}}