{"id":119,"date":"2020-11-04T10:34:19","date_gmt":"2020-11-04T09:34:19","guid":{"rendered":"http:\/\/heksring.org\/?page_id=119"},"modified":"2021-01-15T20:56:35","modified_gmt":"2021-01-15T19:56:35","slug":"zarzad-stowarzyszenia","status":"publish","type":"page","link":"https:\/\/heksring.org\/index.php\/zarzad-stowarzyszenia\/","title":{"rendered":"ZARZ\u0104D STOWARZYSZENIA:"},"content":{"rendered":"\n<p>MARIAN MATKOWSKI &#8211; Prezes Zarz\u0105du<br>MIROS\u0141AW KUSIBAB &#8211; Cz\u0142onek Zarz\u0105du &#8211; SKARBNIK<br>DOMINIK DR\u0104G &#8211; Cz\u0142onek Zarz\u0105du &#8211; SEKRETARZ<\/p>\n","protected":false},"excerpt":{"rendered":"<p>MARIAN MATKOWSKI &#8211; Prezes Zarz\u0105duMIROS\u0141AW KUSIBAB &#8211; Cz\u0142onek Zarz\u0105du &#8211; SKARBNIKDOMINIK DR\u0104G &#8211; Cz\u0142onek Zarz\u0105du &#8211; SEKRETARZ<\/p>\n","protected":false},"author":2,"featured_media":0,"parent":0,"menu_order":0,"comment_status":"closed","ping_status":"closed","template":"","meta":[],"_links":{"self":[{"href":"https:\/\/heksring.org\/index.php\/wp-json\/wp\/v2\/pages\/119"}],"collection":[{"href":"https:\/\/heksring.org\/index.php\/wp-json\/wp\/v2\/pages"}],"about":[{"href":"https:\/\/heksring.org\/index.php\/wp-json\/wp\/v2\/types\/page"}],"author":[{"embeddable":true,"href":"https:\/\/heksring.org\/index.php\/wp-json\/wp\/v2\/users\/2"}],"replies":[{"embeddable":true,"href":"https:\/\/heksring.org\/index.php\/wp-json\/wp\/v2\/comments?post=119"}],"version-history":[{"count":2,"href":"https:\/\/heksring.org\/index.php\/wp-json\/wp\/v2\/pages\/119\/revisions"}],"predecessor-version":[{"id":165,"href":"https:\/\/heksring.org\/index.php\/wp-json\/wp\/v2\/pages\/119\/revisions\/165"}],"wp:attachment":[{"href":"https:\/\/heksring.org\/index.php\/wp-json\/wp\/v2\/media?parent=119"}],"curies":[{"name":"wp","href":"https:\/\/api.w.org\/{rel}","templated":true}]}}